{"id":268,"date":"2021-03-01T13:57:33","date_gmt":"2021-03-01T12:57:33","guid":{"rendered":"https:\/\/motelavenue.pt\/?page_id=268"},"modified":"2022-08-09T13:15:43","modified_gmt":"2022-08-09T11:15:43","slug":"gracias-por-reservar-con-nosotros","status":"publish","type":"page","link":"https:\/\/motelavenue.pt\/es\/gracias-por-reservar-con-nosotros\/","title":{"rendered":"Gracias por reservar con nosotros"},"content":{"rendered":"\t\t<div data-elementor-type=\"wp-page\" data-elementor-id=\"268\" class=\"elementor elementor-268\" data-elementor-post-type=\"page\">\n\t\t\t\t\t\t<section class=\"elementor-section elementor-top-section elementor-element elementor-element-5a7e356a elementor-section-height-min-height elementor-section-full_width elementor-section-height-default elementor-section-items-middle\" data-id=\"5a7e356a\" data-element_type=\"section\" data-e-type=\"section\" data-settings=\"{&quot;background_background&quot;:&quot;classic&quot;}\">\n\t\t\t\t\t\t\t<div class=\"elementor-background-overlay\"><\/div>\n\t\t\t\t\t\t\t<div class=\"elementor-container elementor-column-gap-no\">\n\t\t\t\t\t<div class=\"elementor-column elementor-col-50 elementor-top-column elementor-element elementor-element-2705affb elementor-invisible\" data-id=\"2705affb\" data-element_type=\"column\" data-e-type=\"column\" data-settings=\"{&quot;background_background&quot;:&quot;classic&quot;,&quot;animation&quot;:&quot;zoomIn&quot;}\">\n\t\t\t<div class=\"elementor-widget-wrap\">\n\t\t\t\t\t\t\t<\/div>\n\t\t<\/div>\n\t\t\t\t<div class=\"elementor-column elementor-col-50 elementor-top-column elementor-element elementor-element-f3c667f elementor-invisible\" data-id=\"f3c667f\" data-element_type=\"column\" data-e-type=\"column\" data-settings=\"{&quot;background_background&quot;:&quot;classic&quot;,&quot;animation&quot;:&quot;fadeInRight&quot;}\">\n\t\t\t<div class=\"elementor-widget-wrap elementor-element-populated\">\n\t\t\t\t\t\t<div class=\"elementor-element elementor-element-772473eb elementor-widget elementor-widget-image\" data-id=\"772473eb\" data-element_type=\"widget\" data-e-type=\"widget\" data-widget_type=\"image.default\">\n\t\t\t\t<div class=\"elementor-widget-container\">\n\t\t\t\t\t\t\t\t\t\t\t\t\t\t\t<img fetchpriority=\"high\" decoding=\"async\" width=\"587\" height=\"503\" src=\"https:\/\/motelavenue.pt\/es\/wp-content\/uploads\/sites\/2\/iso_blanco.svg\" class=\"attachment-large size-large wp-image-2398\" alt=\"\" \/>\t\t\t\t\t\t\t\t\t\t\t\t\t\t\t<\/div>\n\t\t\t\t<\/div>\n\t\t\t\t<div class=\"elementor-element elementor-element-3aaf8920 elementor-widget elementor-widget-heading\" data-id=\"3aaf8920\" data-element_type=\"widget\" data-e-type=\"widget\" data-widget_type=\"heading.default\">\n\t\t\t\t<div class=\"elementor-widget-container\">\n\t\t\t\t\t<h1 class=\"elementor-heading-title elementor-size-default\">\u00a1Gracias por reservar<br> con nosotros!<\/h1>\t\t\t\t<\/div>\n\t\t\t\t<\/div>\n\t\t\t\t<div class=\"elementor-element elementor-element-2b73c255 elementor-widget elementor-widget-heading\" data-id=\"2b73c255\" data-element_type=\"widget\" data-e-type=\"widget\" data-widget_type=\"heading.default\">\n\t\t\t\t<div class=\"elementor-widget-container\">\n\t\t\t\t\t<h2 class=\"elementor-heading-title elementor-size-default\">Queremos ser parte de tu viaje...<\/h2>\t\t\t\t<\/div>\n\t\t\t\t<\/div>\n\t\t\t\t<div class=\"elementor-element elementor-element-6868ef8a elementor-widget elementor-widget-text-editor\" data-id=\"6868ef8a\" data-element_type=\"widget\" data-e-type=\"widget\" data-widget_type=\"text-editor.default\">\n\t\t\t\t<div class=\"elementor-widget-container\">\n\t\t\t\t\t\t\t\t\t<p>Le informamos que su reserva se ha realizado exitosamente. En breves momentos recibir\u00e1 un correo electr\u00f3nico para la confirmaci\u00f3n de su respectiva reserva con los detalles de la misma.<\/p>\t\t\t\t\t\t\t\t<\/div>\n\t\t\t\t<\/div>\n\t\t\t\t<div class=\"elementor-element elementor-element-239a5f76 elementor-align-center elementor-widget elementor-widget-button\" data-id=\"239a5f76\" data-element_type=\"widget\" data-e-type=\"widget\" data-widget_type=\"button.default\">\n\t\t\t\t<div class=\"elementor-widget-container\">\n\t\t\t\t\t\t\t\t\t<div class=\"elementor-button-wrapper\">\n\t\t\t\t\t<a class=\"elementor-button elementor-button-link elementor-size-sm elementor-animation-shrink\" href=\"https:\/\/motelavenue.pt\">\n\t\t\t\t\t\t<span class=\"elementor-button-content-wrapper\">\n\t\t\t\t\t\t\t\t\t<span class=\"elementor-button-text\">Volver  a la web<\/span>\n\t\t\t\t\t<\/span>\n\t\t\t\t\t<\/a>\n\t\t\t\t<\/div>\n\t\t\t\t\t\t\t\t<\/div>\n\t\t\t\t<\/div>\n\t\t\t\t\t<\/div>\n\t\t<\/div>\n\t\t\t\t\t<\/div>\n\t\t<\/section>\n\t\t\t\t<\/div>\n\t\t","protected":false},"excerpt":{"rendered":"<p>\u00a1Gracias por reservar con nosotros! Queremos ser parte de tu viaje&#8230; Le informamos que su reserva se ha realizado exitosamente. En breves momentos recibir\u00e1 un correo electr\u00f3nico para la confirmaci\u00f3n de su respectiva reserva con los detalles de la misma. Volver a la web<\/p>\n","protected":false},"author":1,"featured_media":0,"parent":0,"menu_order":0,"comment_status":"closed","ping_status":"closed","template":"elementor_header_footer","meta":{"_acf_changed":false,"footnotes":""},"class_list":["post-268","page","type-page","status-publish","hentry"],"acf":[],"yoast_head":"<!-- This site is optimized with the Yoast SEO plugin v27.5 - https:\/\/yoast.com\/product\/yoast-seo-wordpress\/ -->\n<title>Gracias por reservar con nosotros - Hotel Motel Avenue ES<\/title>\n<meta name=\"robots\" content=\"index, follow, max-snippet:-1, max-image-preview:large, max-video-preview:-1\" \/>\n<link rel=\"canonical\" href=\"https:\/\/motelavenue.pt\/es\/gracias-por-reservar-con-nosotros\/\" \/>\n<meta property=\"og:locale\" content=\"es_ES\" \/>\n<meta property=\"og:type\" content=\"article\" \/>\n<meta property=\"og:title\" content=\"Gracias por reservar con nosotros - Hotel Motel Avenue ES\" \/>\n<meta property=\"og:description\" content=\"\u00a1Gracias por reservar con nosotros! Queremos ser parte de tu viaje&#8230; Le informamos que su reserva se ha realizado exitosamente. En breves momentos recibir\u00e1 un correo electr\u00f3nico para la confirmaci\u00f3n de su respectiva reserva con los detalles de la misma. Volver a la web\" \/>\n<meta property=\"og:url\" content=\"https:\/\/motelavenue.pt\/es\/gracias-por-reservar-con-nosotros\/\" \/>\n<meta property=\"og:site_name\" content=\"Hotel Motel Avenue ES\" \/>\n<meta property=\"article:modified_time\" content=\"2022-08-09T11:15:43+00:00\" \/>\n<meta property=\"og:image\" content=\"https:\/\/motelavenue.pt\/wp-content\/uploads\/sites\/2\/iso_blanco.svg\" \/>\n<meta name=\"twitter:card\" content=\"summary_large_image\" \/>\n<script type=\"application\/ld+json\" class=\"yoast-schema-graph\">{\"@context\":\"https:\\\/\\\/schema.org\",\"@graph\":[{\"@type\":\"WebPage\",\"@id\":\"https:\\\/\\\/motelavenue.pt\\\/es\\\/gracias-por-reservar-con-nosotros\\\/\",\"url\":\"https:\\\/\\\/motelavenue.pt\\\/es\\\/gracias-por-reservar-con-nosotros\\\/\",\"name\":\"Gracias por reservar con nosotros - Hotel Motel Avenue ES\",\"isPartOf\":{\"@id\":\"https:\\\/\\\/motelavenue.pt\\\/es\\\/#website\"},\"primaryImageOfPage\":{\"@id\":\"https:\\\/\\\/motelavenue.pt\\\/es\\\/gracias-por-reservar-con-nosotros\\\/#primaryimage\"},\"image\":{\"@id\":\"https:\\\/\\\/motelavenue.pt\\\/es\\\/gracias-por-reservar-con-nosotros\\\/#primaryimage\"},\"thumbnailUrl\":\"https:\\\/\\\/motelavenue.pt\\\/wp-content\\\/uploads\\\/sites\\\/2\\\/iso_blanco.svg\",\"datePublished\":\"2021-03-01T12:57:33+00:00\",\"dateModified\":\"2022-08-09T11:15:43+00:00\",\"breadcrumb\":{\"@id\":\"https:\\\/\\\/motelavenue.pt\\\/es\\\/gracias-por-reservar-con-nosotros\\\/#breadcrumb\"},\"inLanguage\":\"es\",\"potentialAction\":[{\"@type\":\"ReadAction\",\"target\":[\"https:\\\/\\\/motelavenue.pt\\\/es\\\/gracias-por-reservar-con-nosotros\\\/\"]}]},{\"@type\":\"ImageObject\",\"inLanguage\":\"es\",\"@id\":\"https:\\\/\\\/motelavenue.pt\\\/es\\\/gracias-por-reservar-con-nosotros\\\/#primaryimage\",\"url\":\"https:\\\/\\\/motelavenue.pt\\\/wp-content\\\/uploads\\\/sites\\\/2\\\/iso_blanco.svg\",\"contentUrl\":\"https:\\\/\\\/motelavenue.pt\\\/wp-content\\\/uploads\\\/sites\\\/2\\\/iso_blanco.svg\"},{\"@type\":\"BreadcrumbList\",\"@id\":\"https:\\\/\\\/motelavenue.pt\\\/es\\\/gracias-por-reservar-con-nosotros\\\/#breadcrumb\",\"itemListElement\":[{\"@type\":\"ListItem\",\"position\":1,\"name\":\"Portada\",\"item\":\"https:\\\/\\\/motelavenue.pt\\\/es\\\/\"},{\"@type\":\"ListItem\",\"position\":2,\"name\":\"Gracias por reservar con nosotros\"}]},{\"@type\":\"WebSite\",\"@id\":\"https:\\\/\\\/motelavenue.pt\\\/es\\\/#website\",\"url\":\"https:\\\/\\\/motelavenue.pt\\\/es\\\/\",\"name\":\"Hotel Motel Avenue ES\",\"description\":\"Las avenidas que nos llevan al centro del universo\",\"potentialAction\":[{\"@type\":\"SearchAction\",\"target\":{\"@type\":\"EntryPoint\",\"urlTemplate\":\"https:\\\/\\\/motelavenue.pt\\\/es\\\/?s={search_term_string}\"},\"query-input\":{\"@type\":\"PropertyValueSpecification\",\"valueRequired\":true,\"valueName\":\"search_term_string\"}}],\"inLanguage\":\"es\"}]}<\/script>\n<!-- \/ Yoast SEO plugin. -->","yoast_head_json":{"title":"Gracias por reservar con nosotros - Hotel Motel Avenue ES","robots":{"index":"index","follow":"follow","max-snippet":"max-snippet:-1","max-image-preview":"max-image-preview:large","max-video-preview":"max-video-preview:-1"},"canonical":"https:\/\/motelavenue.pt\/es\/gracias-por-reservar-con-nosotros\/","og_locale":"es_ES","og_type":"article","og_title":"Gracias por reservar con nosotros - Hotel Motel Avenue ES","og_description":"\u00a1Gracias por reservar con nosotros! Queremos ser parte de tu viaje&#8230; Le informamos que su reserva se ha realizado exitosamente. En breves momentos recibir\u00e1 un correo electr\u00f3nico para la confirmaci\u00f3n de su respectiva reserva con los detalles de la misma. Volver a la web","og_url":"https:\/\/motelavenue.pt\/es\/gracias-por-reservar-con-nosotros\/","og_site_name":"Hotel Motel Avenue ES","article_modified_time":"2022-08-09T11:15:43+00:00","og_image":[{"url":"https:\/\/motelavenue.pt\/wp-content\/uploads\/sites\/2\/iso_blanco.svg","type":"","width":"","height":""}],"twitter_card":"summary_large_image","schema":{"@context":"https:\/\/schema.org","@graph":[{"@type":"WebPage","@id":"https:\/\/motelavenue.pt\/es\/gracias-por-reservar-con-nosotros\/","url":"https:\/\/motelavenue.pt\/es\/gracias-por-reservar-con-nosotros\/","name":"Gracias por reservar con nosotros - Hotel Motel Avenue ES","isPartOf":{"@id":"https:\/\/motelavenue.pt\/es\/#website"},"primaryImageOfPage":{"@id":"https:\/\/motelavenue.pt\/es\/gracias-por-reservar-con-nosotros\/#primaryimage"},"image":{"@id":"https:\/\/motelavenue.pt\/es\/gracias-por-reservar-con-nosotros\/#primaryimage"},"thumbnailUrl":"https:\/\/motelavenue.pt\/wp-content\/uploads\/sites\/2\/iso_blanco.svg","datePublished":"2021-03-01T12:57:33+00:00","dateModified":"2022-08-09T11:15:43+00:00","breadcrumb":{"@id":"https:\/\/motelavenue.pt\/es\/gracias-por-reservar-con-nosotros\/#breadcrumb"},"inLanguage":"es","potentialAction":[{"@type":"ReadAction","target":["https:\/\/motelavenue.pt\/es\/gracias-por-reservar-con-nosotros\/"]}]},{"@type":"ImageObject","inLanguage":"es","@id":"https:\/\/motelavenue.pt\/es\/gracias-por-reservar-con-nosotros\/#primaryimage","url":"https:\/\/motelavenue.pt\/wp-content\/uploads\/sites\/2\/iso_blanco.svg","contentUrl":"https:\/\/motelavenue.pt\/wp-content\/uploads\/sites\/2\/iso_blanco.svg"},{"@type":"BreadcrumbList","@id":"https:\/\/motelavenue.pt\/es\/gracias-por-reservar-con-nosotros\/#breadcrumb","itemListElement":[{"@type":"ListItem","position":1,"name":"Portada","item":"https:\/\/motelavenue.pt\/es\/"},{"@type":"ListItem","position":2,"name":"Gracias por reservar con nosotros"}]},{"@type":"WebSite","@id":"https:\/\/motelavenue.pt\/es\/#website","url":"https:\/\/motelavenue.pt\/es\/","name":"Hotel Motel Avenue ES","description":"Las avenidas que nos llevan al centro del universo","potentialAction":[{"@type":"SearchAction","target":{"@type":"EntryPoint","urlTemplate":"https:\/\/motelavenue.pt\/es\/?s={search_term_string}"},"query-input":{"@type":"PropertyValueSpecification","valueRequired":true,"valueName":"search_term_string"}}],"inLanguage":"es"}]}},"_links":{"self":[{"href":"https:\/\/motelavenue.pt\/es\/wp-json\/wp\/v2\/pages\/268","targetHints":{"allow":["GET"]}}],"collection":[{"href":"https:\/\/motelavenue.pt\/es\/wp-json\/wp\/v2\/pages"}],"about":[{"href":"https:\/\/motelavenue.pt\/es\/wp-json\/wp\/v2\/types\/page"}],"author":[{"embeddable":true,"href":"https:\/\/motelavenue.pt\/es\/wp-json\/wp\/v2\/users\/1"}],"replies":[{"embeddable":true,"href":"https:\/\/motelavenue.pt\/es\/wp-json\/wp\/v2\/comments?post=268"}],"version-history":[{"count":1,"href":"https:\/\/motelavenue.pt\/es\/wp-json\/wp\/v2\/pages\/268\/revisions"}],"predecessor-version":[{"id":3400,"href":"https:\/\/motelavenue.pt\/es\/wp-json\/wp\/v2\/pages\/268\/revisions\/3400"}],"wp:attachment":[{"href":"https:\/\/motelavenue.pt\/es\/wp-json\/wp\/v2\/media?parent=268"}],"curies":[{"name":"wp","href":"https:\/\/api.w.org\/{rel}","templated":true}]}}